{"id":225,"date":"2023-10-27T03:45:25","date_gmt":"2023-10-27T01:45:25","guid":{"rendered":"https:\/\/sarahgellini.com\/?page_id=225"},"modified":"2024-04-02T11:27:07","modified_gmt":"2024-04-02T09:27:07","slug":"remboursements_retours","status":"publish","type":"page","link":"https:\/\/sarahgellini.com\/index.php\/remboursements_retours\/","title":{"rendered":"Conditions g\u00e9n\u00e9rales de vente"},"content":{"rendered":"\t\t<div data-elementor-type=\"wp-page\" data-elementor-id=\"225\" class=\"elementor elementor-225\">\n\t\t\t\t\t\t<section class=\"elementor-section elementor-top-section elementor-element elementor-element-f952bea elementor-section-boxed elementor-section-height-default elementor-section-height-default\" data-id=\"f952bea\" data-element_type=\"section\">\n\t\t\t\t\t\t<div class=\"elementor-container elementor-column-gap-default\">\n\t\t\t\t\t<div class=\"elementor-column elementor-col-100 elementor-top-column elementor-element elementor-element-a95383c\" data-id=\"a95383c\" data-element_type=\"column\">\n\t\t\t<div class=\"elementor-widget-wrap elementor-element-populated\">\n\t\t\t\t\t\t<div class=\"elementor-element elementor-element-361d35c elementor-widget elementor-widget-heading\" data-id=\"361d35c\" data-element_type=\"widget\" data-widget_type=\"heading.default\">\n\t\t\t\t<div class=\"elementor-widget-container\">\n\t\t\t\t\t<h2 class=\"elementor-heading-title elementor-size-default\">Conditions G\u00e9n\u00e9rales de Vente<\/h2>\t\t\t\t<\/div>\n\t\t\t\t<\/div>\n\t\t\t\t<div class=\"elementor-element elementor-element-28caa51 elementor-widget elementor-widget-text-editor\" data-id=\"28caa51\" data-element_type=\"widget\" data-widget_type=\"text-editor.default\">\n\t\t\t\t<div class=\"elementor-widget-container\">\n\t\t\t\t\t\t\t\t\t<p><span style=\"font-weight: 400;\">Version du 30\/03\/2024, applicable \u00e0 partir du 02\/04\/2024.<\/span><\/p>\t\t\t\t\t\t\t\t<\/div>\n\t\t\t\t<\/div>\n\t\t\t\t<div class=\"elementor-element elementor-element-9078ac1 elementor-widget elementor-widget-heading\" data-id=\"9078ac1\" data-element_type=\"widget\" data-widget_type=\"heading.default\">\n\t\t\t\t<div class=\"elementor-widget-container\">\n\t\t\t\t\t<h3 class=\"elementor-heading-title elementor-size-default\">Pr\u00e9ambule<\/h3>\t\t\t\t<\/div>\n\t\t\t\t<\/div>\n\t\t\t\t<div class=\"elementor-element elementor-element-e4c2df5 elementor-widget elementor-widget-text-editor\" data-id=\"e4c2df5\" data-element_type=\"widget\" data-widget_type=\"text-editor.default\">\n\t\t\t\t<div class=\"elementor-widget-container\">\n\t\t\t\t\t\t\t\t\t<p><span style=\"font-weight: 400;\">Le site sarahgellini.com, ci-apr\u00e8s d\u00e9sign\u00e9 par \u00ab nous \u00bb, propose \u00e0 la vente des CDs et produits d\u00e9riv\u00e9s (t-shirts, posters, etc.) \u00e0 des consommateurs, ci-apr\u00e8s d\u00e9sign\u00e9s par \u00ab vous \u00bb. Les pr\u00e9sentes Conditions G\u00e9n\u00e9rales de Vente (CGV) d\u00e9finissent les droits et obligations des parties dans le cadre de la vente en ligne de nos produits.<\/span><\/p>\t\t\t\t\t\t\t\t<\/div>\n\t\t\t\t<\/div>\n\t\t\t\t<div class=\"elementor-element elementor-element-730b2f9 elementor-widget elementor-widget-heading\" data-id=\"730b2f9\" data-element_type=\"widget\" data-widget_type=\"heading.default\">\n\t\t\t\t<div class=\"elementor-widget-container\">\n\t\t\t\t\t<h3 class=\"elementor-heading-title elementor-size-default\">1. Caract\u00e9ristiques essentielles des biens et services<\/h3>\t\t\t\t<\/div>\n\t\t\t\t<\/div>\n\t\t\t\t<div class=\"elementor-element elementor-element-57234a1 elementor-widget elementor-widget-text-editor\" data-id=\"57234a1\" data-element_type=\"widget\" data-widget_type=\"text-editor.default\">\n\t\t\t\t<div class=\"elementor-widget-container\">\n\t\t\t\t\t\t\t\t\t<p><span style=\"font-weight: 400;\">Nous vous offrons des produits d\u00e9taill\u00e9s sur notre site, incluant leurs caract\u00e9ristiques essentielles.<\/span><\/p>\t\t\t\t\t\t\t\t<\/div>\n\t\t\t\t<\/div>\n\t\t\t\t<div class=\"elementor-element elementor-element-d7a27e9 elementor-widget elementor-widget-heading\" data-id=\"d7a27e9\" data-element_type=\"widget\" data-widget_type=\"heading.default\">\n\t\t\t\t<div class=\"elementor-widget-container\">\n\t\t\t\t\t<h3 class=\"elementor-heading-title elementor-size-default\">2. Prix<\/h3>\t\t\t\t<\/div>\n\t\t\t\t<\/div>\n\t\t\t\t<div class=\"elementor-element elementor-element-fc5a640 elementor-widget elementor-widget-text-editor\" data-id=\"fc5a640\" data-element_type=\"widget\" data-widget_type=\"text-editor.default\">\n\t\t\t\t<div class=\"elementor-widget-container\">\n\t\t\t\t\t\t\t\t\t<p><span style=\"font-weight: 400;\">Les prix de nos produits sont indiqu\u00e9s en euros TTC (Toutes Taxes Comprises).<\/span><\/p>\t\t\t\t\t\t\t\t<\/div>\n\t\t\t\t<\/div>\n\t\t\t\t<div class=\"elementor-element elementor-element-2c20ba6 elementor-widget elementor-widget-heading\" data-id=\"2c20ba6\" data-element_type=\"widget\" data-widget_type=\"heading.default\">\n\t\t\t\t<div class=\"elementor-widget-container\">\n\t\t\t\t\t<h3 class=\"elementor-heading-title elementor-size-default\">3. Frais et modalit\u00e9s de livraison<\/h3>\t\t\t\t<\/div>\n\t\t\t\t<\/div>\n\t\t\t\t<div class=\"elementor-element elementor-element-b6fbc17 elementor-widget elementor-widget-text-editor\" data-id=\"b6fbc17\" data-element_type=\"widget\" data-widget_type=\"text-editor.default\">\n\t\t\t\t<div class=\"elementor-widget-container\">\n\t\t\t\t\t\t\t\t\t<p><span style=\"font-weight: 400;\">Les frais de livraison sont sp\u00e9cifi\u00e9s lors du processus de commande. Les modalit\u00e9s de livraison (date, moyen, etc.) vous seront \u00e9galement communiqu\u00e9es avant la validation de la commande.<\/span><\/p>\t\t\t\t\t\t\t\t<\/div>\n\t\t\t\t<\/div>\n\t\t\t\t<div class=\"elementor-element elementor-element-e430a63 elementor-widget elementor-widget-heading\" data-id=\"e430a63\" data-element_type=\"widget\" data-widget_type=\"heading.default\">\n\t\t\t\t<div class=\"elementor-widget-container\">\n\t\t\t\t\t<h3 class=\"elementor-heading-title elementor-size-default\">4. Modalit\u00e9s d'ex\u00e9cution du contrat<\/h3>\t\t\t\t<\/div>\n\t\t\t\t<\/div>\n\t\t\t\t<div class=\"elementor-element elementor-element-3d11065 elementor-widget elementor-widget-text-editor\" data-id=\"3d11065\" data-element_type=\"widget\" data-widget_type=\"text-editor.default\">\n\t\t\t\t<div class=\"elementor-widget-container\">\n\t\t\t\t\t\t\t\t\t<p><span style=\"font-weight: 400;\">Le contrat est r\u00e9put\u00e9 conclu d\u00e8s la validation de la commande par le consommateur et la confirmation de l&rsquo;acceptation de la commande par nos soins, via courriel.<\/span><\/p>\t\t\t\t\t\t\t\t<\/div>\n\t\t\t\t<\/div>\n\t\t\t\t<div class=\"elementor-element elementor-element-1a94449 elementor-widget elementor-widget-heading\" data-id=\"1a94449\" data-element_type=\"widget\" data-widget_type=\"heading.default\">\n\t\t\t\t<div class=\"elementor-widget-container\">\n\t\t\t\t\t<h3 class=\"elementor-heading-title elementor-size-default\">5. Modalit\u00e9s de paiement<\/h3>\t\t\t\t<\/div>\n\t\t\t\t<\/div>\n\t\t\t\t<div class=\"elementor-element elementor-element-93a853a elementor-widget elementor-widget-text-editor\" data-id=\"93a853a\" data-element_type=\"widget\" data-widget_type=\"text-editor.default\">\n\t\t\t\t<div class=\"elementor-widget-container\">\n\t\t\t\t\t\t\t\t\t<p><span style=\"font-weight: 400;\">Nous acceptons les modes de paiement suivants :<\/span><\/p><ul><li style=\"font-weight: 400;\" aria-level=\"1\"><span style=\"font-weight: 400;\">Carte de cr\u00e9dit\/d\u00e9bit<\/span><\/li><li style=\"font-weight: 400;\" aria-level=\"1\"><span style=\"font-weight: 400;\">Paypal<\/span><\/li><\/ul><p><span style=\"font-weight: 400;\">En cas de retard de paiement, des p\u00e9nalit\u00e9s pourront \u00eatre appliqu\u00e9es.<\/span><\/p>\t\t\t\t\t\t\t\t<\/div>\n\t\t\t\t<\/div>\n\t\t\t\t<div class=\"elementor-element elementor-element-a9e7d23 elementor-widget elementor-widget-heading\" data-id=\"a9e7d23\" data-element_type=\"widget\" data-widget_type=\"heading.default\">\n\t\t\t\t<div class=\"elementor-widget-container\">\n\t\t\t\t\t<h3 class=\"elementor-heading-title elementor-size-default\">6. Droit de r\u00e9tractation<\/h3>\t\t\t\t<\/div>\n\t\t\t\t<\/div>\n\t\t\t\t<div class=\"elementor-element elementor-element-78fd70b elementor-widget elementor-widget-text-editor\" data-id=\"78fd70b\" data-element_type=\"widget\" data-widget_type=\"text-editor.default\">\n\t\t\t\t<div class=\"elementor-widget-container\">\n\t\t\t\t\t\t\t\t\t<p><span style=\"font-weight: 400;\">Conform\u00e9ment \u00e0 la loi, vous disposez d\u2019un d\u00e9lai de 14 jours pour exercer votre droit de r\u00e9tractation sans avoir \u00e0 justifier de motifs ni \u00e0 payer de p\u00e9nalit\u00e9s, \u00e0 l&rsquo;exception des frais de retour.<\/span><\/p>\t\t\t\t\t\t\t\t<\/div>\n\t\t\t\t<\/div>\n\t\t\t\t<div class=\"elementor-element elementor-element-ea0d3b7 elementor-widget elementor-widget-heading\" data-id=\"ea0d3b7\" data-element_type=\"widget\" data-widget_type=\"heading.default\">\n\t\t\t\t<div class=\"elementor-widget-container\">\n\t\t\t\t\t<h3 class=\"elementor-heading-title elementor-size-default\">7. Garanties<\/h3>\t\t\t\t<\/div>\n\t\t\t\t<\/div>\n\t\t\t\t<div class=\"elementor-element elementor-element-a695a17 elementor-widget elementor-widget-text-editor\" data-id=\"a695a17\" data-element_type=\"widget\" data-widget_type=\"text-editor.default\">\n\t\t\t\t<div class=\"elementor-widget-container\">\n\t\t\t\t\t\t\t\t\t<p><span style=\"font-weight: 400;\">Garantie l\u00e9gale de conformit\u00e9 : vous b\u00e9n\u00e9ficiez de la garantie l\u00e9gale de conformit\u00e9 pour les produits d\u00e9fectueux, ab\u00eem\u00e9s ou endommag\u00e9s, ou ne correspondant pas \u00e0 la commande.<\/span><\/p><p><span style=\"font-weight: 400;\">Garantie des vices cach\u00e9s : vous b\u00e9n\u00e9ficiez \u00e9galement de la garantie contre les vices cach\u00e9s.<\/span><\/p><p><span style=\"font-weight: 400;\">Garantie commerciale et SAV : les conditions sp\u00e9cifiques de la garantie commerciale et du service apr\u00e8s-vente, notamment le co\u00fbt de la communication, sont disponibles sur demande.<\/span><\/p>\t\t\t\t\t\t\t\t<\/div>\n\t\t\t\t<\/div>\n\t\t\t\t<div class=\"elementor-element elementor-element-2aafc1a elementor-widget elementor-widget-heading\" data-id=\"2aafc1a\" data-element_type=\"widget\" data-widget_type=\"heading.default\">\n\t\t\t\t<div class=\"elementor-widget-container\">\n\t\t\t\t\t<h3 class=\"elementor-heading-title elementor-size-default\">8. Dur\u00e9e du contrat et r\u00e9siliation<\/h3>\t\t\t\t<\/div>\n\t\t\t\t<\/div>\n\t\t\t\t<div class=\"elementor-element elementor-element-e0a1394 elementor-widget elementor-widget-text-editor\" data-id=\"e0a1394\" data-element_type=\"widget\" data-widget_type=\"text-editor.default\">\n\t\t\t\t<div class=\"elementor-widget-container\">\n\t\t\t\t\t\t\t\t\t<p><span style=\"font-weight: 400;\">Les pr\u00e9sentes CGV sont applicables pour toute la dur\u00e9e de mise en ligne des produits.<\/span><\/p>\t\t\t\t\t\t\t\t<\/div>\n\t\t\t\t<\/div>\n\t\t\t\t<div class=\"elementor-element elementor-element-1c77079 elementor-widget elementor-widget-heading\" data-id=\"1c77079\" data-element_type=\"widget\" data-widget_type=\"heading.default\">\n\t\t\t\t<div class=\"elementor-widget-container\">\n\t\t\t\t\t<h3 class=\"elementor-heading-title elementor-size-default\">9. R\u00e8glement des litiges<\/h3>\t\t\t\t<\/div>\n\t\t\t\t<\/div>\n\t\t\t\t<div class=\"elementor-element elementor-element-f52ee97 elementor-widget elementor-widget-text-editor\" data-id=\"f52ee97\" data-element_type=\"widget\" data-widget_type=\"text-editor.default\">\n\t\t\t\t<div class=\"elementor-widget-container\">\n\t\t\t\t\t\t\t\t\t<p><span style=\"font-weight: 400;\">En cas de litige, une solution amiable sera recherch\u00e9e avant toute action judiciaire. En l&rsquo;absence d&rsquo;accord, les tribunaux fran\u00e7ais seront seuls comp\u00e9tents. Vous avez \u00e9galement la possibilit\u00e9 de recourir \u00e0 un m\u00e9diateur de la consommation.<\/span><\/p>\t\t\t\t\t\t\t\t<\/div>\n\t\t\t\t<\/div>\n\t\t\t\t\t<\/div>\n\t\t<\/div>\n\t\t\t\t\t<\/div>\n\t\t<\/section>\n\t\t\t\t<\/div>\n\t\t","protected":false},"excerpt":{"rendered":"<p>Conditions G\u00e9n\u00e9rales de Vente Version du 30\/03\/2024, applicable \u00e0 partir du 02\/04\/2024. Pr\u00e9ambule Le site sarahgellini.com, ci-apr\u00e8s d\u00e9sign\u00e9 par \u00ab nous \u00bb, propose \u00e0 la vente des CDs et produits d\u00e9riv\u00e9s (t-shirts, posters, etc.) \u00e0 des consommateurs, ci-apr\u00e8s d\u00e9sign\u00e9s par \u00ab vous \u00bb. Les pr\u00e9sentes Conditions G\u00e9n\u00e9rales de Vente (CGV) d\u00e9finissent les droits et obligations [&hellip;]<\/p>\n","protected":false},"author":1,"featured_media":0,"parent":0,"menu_order":0,"comment_status":"closed","ping_status":"closed","template":"","meta":{"footnotes":""},"yoast_head":"<!-- This site is optimized with the Yoast SEO plugin v24.5 - https:\/\/yoast.com\/wordpress\/plugins\/seo\/ -->\n<title>Conditions g\u00e9n\u00e9rales de vente - Sarah Gellini<\/title>\n<meta name=\"robots\" content=\"index, follow, max-snippet:-1, max-image-preview:large, max-video-preview:-1\" \/>\n<link rel=\"canonical\" href=\"https:\/\/sarahgellini.com\/index.php\/remboursements_retours\/\" \/>\n<meta property=\"og:locale\" content=\"fr_FR\" \/>\n<meta property=\"og:type\" content=\"article\" \/>\n<meta property=\"og:title\" content=\"Conditions g\u00e9n\u00e9rales de vente - Sarah Gellini\" \/>\n<meta property=\"og:description\" content=\"Conditions G\u00e9n\u00e9rales de Vente Version du 30\/03\/2024, applicable \u00e0 partir du 02\/04\/2024. Pr\u00e9ambule Le site sarahgellini.com, ci-apr\u00e8s d\u00e9sign\u00e9 par \u00ab nous \u00bb, propose \u00e0 la vente des CDs et produits d\u00e9riv\u00e9s (t-shirts, posters, etc.) \u00e0 des consommateurs, ci-apr\u00e8s d\u00e9sign\u00e9s par \u00ab vous \u00bb. Les pr\u00e9sentes Conditions G\u00e9n\u00e9rales de Vente (CGV) d\u00e9finissent les droits et obligations [&hellip;]\" \/>\n<meta property=\"og:url\" content=\"https:\/\/sarahgellini.com\/index.php\/remboursements_retours\/\" \/>\n<meta property=\"og:site_name\" content=\"Sarah Gellini\" \/>\n<meta property=\"article:publisher\" content=\"https:\/\/www.facebook.com\/sarah.gellini\" \/>\n<meta property=\"article:modified_time\" content=\"2024-04-02T09:27:07+00:00\" \/>\n<meta name=\"twitter:card\" content=\"summary_large_image\" \/>\n<meta name=\"twitter:label1\" content=\"Dur\u00e9e de lecture estim\u00e9e\" \/>\n\t<meta name=\"twitter:data1\" content=\"2 minutes\" \/>\n<script type=\"application\/ld+json\" class=\"yoast-schema-graph\">{\"@context\":\"https:\/\/schema.org\",\"@graph\":[{\"@type\":\"WebPage\",\"@id\":\"https:\/\/sarahgellini.com\/index.php\/remboursements_retours\/\",\"url\":\"https:\/\/sarahgellini.com\/index.php\/remboursements_retours\/\",\"name\":\"Conditions g\u00e9n\u00e9rales de vente - Sarah Gellini\",\"isPartOf\":{\"@id\":\"https:\/\/sarahgellini.com\/#website\"},\"datePublished\":\"2023-10-27T01:45:25+00:00\",\"dateModified\":\"2024-04-02T09:27:07+00:00\",\"breadcrumb\":{\"@id\":\"https:\/\/sarahgellini.com\/index.php\/remboursements_retours\/#breadcrumb\"},\"inLanguage\":\"fr-FR\",\"potentialAction\":[{\"@type\":\"ReadAction\",\"target\":[\"https:\/\/sarahgellini.com\/index.php\/remboursements_retours\/\"]}]},{\"@type\":\"BreadcrumbList\",\"@id\":\"https:\/\/sarahgellini.com\/index.php\/remboursements_retours\/#breadcrumb\",\"itemListElement\":[{\"@type\":\"ListItem\",\"position\":1,\"name\":\"Accueil\",\"item\":\"https:\/\/sarahgellini.com\/\"},{\"@type\":\"ListItem\",\"position\":2,\"name\":\"Conditions g\u00e9n\u00e9rales de vente\"}]},{\"@type\":\"WebSite\",\"@id\":\"https:\/\/sarahgellini.com\/#website\",\"url\":\"https:\/\/sarahgellini.com\/\",\"name\":\"Sarah Gellini\",\"description\":\"Chanteuse-auteure-interpr\u00e8te - Chansons fran\u00e7aises et italiennes\",\"publisher\":{\"@id\":\"https:\/\/sarahgellini.com\/#organization\"},\"potentialAction\":[{\"@type\":\"SearchAction\",\"target\":{\"@type\":\"EntryPoint\",\"urlTemplate\":\"https:\/\/sarahgellini.com\/?s={search_term_string}\"},\"query-input\":{\"@type\":\"PropertyValueSpecification\",\"valueRequired\":true,\"valueName\":\"search_term_string\"}}],\"inLanguage\":\"fr-FR\"},{\"@type\":\"Organization\",\"@id\":\"https:\/\/sarahgellini.com\/#organization\",\"name\":\"Sarah Gellini\",\"url\":\"https:\/\/sarahgellini.com\/\",\"logo\":{\"@type\":\"ImageObject\",\"inLanguage\":\"fr-FR\",\"@id\":\"https:\/\/sarahgellini.com\/#\/schema\/logo\/image\/\",\"url\":\"https:\/\/sarahgellini.com\/wp-content\/uploads\/2023\/09\/Sarah-Gellini_white_high-res-copie-scaled.webp\",\"contentUrl\":\"https:\/\/sarahgellini.com\/wp-content\/uploads\/2023\/09\/Sarah-Gellini_white_high-res-copie-scaled.webp\",\"width\":2560,\"height\":1707,\"caption\":\"Sarah Gellini\"},\"image\":{\"@id\":\"https:\/\/sarahgellini.com\/#\/schema\/logo\/image\/\"},\"sameAs\":[\"https:\/\/www.facebook.com\/sarah.gellini\",\"https:\/\/www.instagram.com\/sarah_gellini\/\",\"https:\/\/www.youtube.com\/@sarahgellini\",\"https:\/\/www.tiktok.com\/@sarahgellini\"]}]}<\/script>\n<!-- \/ Yoast SEO plugin. -->","yoast_head_json":{"title":"Conditions g\u00e9n\u00e9rales de vente - Sarah Gellini","robots":{"index":"index","follow":"follow","max-snippet":"max-snippet:-1","max-image-preview":"max-image-preview:large","max-video-preview":"max-video-preview:-1"},"canonical":"https:\/\/sarahgellini.com\/index.php\/remboursements_retours\/","og_locale":"fr_FR","og_type":"article","og_title":"Conditions g\u00e9n\u00e9rales de vente - Sarah Gellini","og_description":"Conditions G\u00e9n\u00e9rales de Vente Version du 30\/03\/2024, applicable \u00e0 partir du 02\/04\/2024. Pr\u00e9ambule Le site sarahgellini.com, ci-apr\u00e8s d\u00e9sign\u00e9 par \u00ab nous \u00bb, propose \u00e0 la vente des CDs et produits d\u00e9riv\u00e9s (t-shirts, posters, etc.) \u00e0 des consommateurs, ci-apr\u00e8s d\u00e9sign\u00e9s par \u00ab vous \u00bb. Les pr\u00e9sentes Conditions G\u00e9n\u00e9rales de Vente (CGV) d\u00e9finissent les droits et obligations [&hellip;]","og_url":"https:\/\/sarahgellini.com\/index.php\/remboursements_retours\/","og_site_name":"Sarah Gellini","article_publisher":"https:\/\/www.facebook.com\/sarah.gellini","article_modified_time":"2024-04-02T09:27:07+00:00","twitter_card":"summary_large_image","twitter_misc":{"Dur\u00e9e de lecture estim\u00e9e":"2 minutes"},"schema":{"@context":"https:\/\/schema.org","@graph":[{"@type":"WebPage","@id":"https:\/\/sarahgellini.com\/index.php\/remboursements_retours\/","url":"https:\/\/sarahgellini.com\/index.php\/remboursements_retours\/","name":"Conditions g\u00e9n\u00e9rales de vente - Sarah Gellini","isPartOf":{"@id":"https:\/\/sarahgellini.com\/#website"},"datePublished":"2023-10-27T01:45:25+00:00","dateModified":"2024-04-02T09:27:07+00:00","breadcrumb":{"@id":"https:\/\/sarahgellini.com\/index.php\/remboursements_retours\/#breadcrumb"},"inLanguage":"fr-FR","potentialAction":[{"@type":"ReadAction","target":["https:\/\/sarahgellini.com\/index.php\/remboursements_retours\/"]}]},{"@type":"BreadcrumbList","@id":"https:\/\/sarahgellini.com\/index.php\/remboursements_retours\/#breadcrumb","itemListElement":[{"@type":"ListItem","position":1,"name":"Accueil","item":"https:\/\/sarahgellini.com\/"},{"@type":"ListItem","position":2,"name":"Conditions g\u00e9n\u00e9rales de vente"}]},{"@type":"WebSite","@id":"https:\/\/sarahgellini.com\/#website","url":"https:\/\/sarahgellini.com\/","name":"Sarah Gellini","description":"Chanteuse-auteure-interpr\u00e8te - Chansons fran\u00e7aises et italiennes","publisher":{"@id":"https:\/\/sarahgellini.com\/#organization"},"potentialAction":[{"@type":"SearchAction","target":{"@type":"EntryPoint","urlTemplate":"https:\/\/sarahgellini.com\/?s={search_term_string}"},"query-input":{"@type":"PropertyValueSpecification","valueRequired":true,"valueName":"search_term_string"}}],"inLanguage":"fr-FR"},{"@type":"Organization","@id":"https:\/\/sarahgellini.com\/#organization","name":"Sarah Gellini","url":"https:\/\/sarahgellini.com\/","logo":{"@type":"ImageObject","inLanguage":"fr-FR","@id":"https:\/\/sarahgellini.com\/#\/schema\/logo\/image\/","url":"https:\/\/sarahgellini.com\/wp-content\/uploads\/2023\/09\/Sarah-Gellini_white_high-res-copie-scaled.webp","contentUrl":"https:\/\/sarahgellini.com\/wp-content\/uploads\/2023\/09\/Sarah-Gellini_white_high-res-copie-scaled.webp","width":2560,"height":1707,"caption":"Sarah Gellini"},"image":{"@id":"https:\/\/sarahgellini.com\/#\/schema\/logo\/image\/"},"sameAs":["https:\/\/www.facebook.com\/sarah.gellini","https:\/\/www.instagram.com\/sarah_gellini\/","https:\/\/www.youtube.com\/@sarahgellini","https:\/\/www.tiktok.com\/@sarahgellini"]}]}},"_links":{"self":[{"href":"https:\/\/sarahgellini.com\/index.php\/wp-json\/wp\/v2\/pages\/225"}],"collection":[{"href":"https:\/\/sarahgellini.com\/index.php\/wp-json\/wp\/v2\/pages"}],"about":[{"href":"https:\/\/sarahgellini.com\/index.php\/wp-json\/wp\/v2\/types\/page"}],"author":[{"embeddable":true,"href":"https:\/\/sarahgellini.com\/index.php\/wp-json\/wp\/v2\/users\/1"}],"replies":[{"embeddable":true,"href":"https:\/\/sarahgellini.com\/index.php\/wp-json\/wp\/v2\/comments?post=225"}],"version-history":[{"count":11,"href":"https:\/\/sarahgellini.com\/index.php\/wp-json\/wp\/v2\/pages\/225\/revisions"}],"predecessor-version":[{"id":1069,"href":"https:\/\/sarahgellini.com\/index.php\/wp-json\/wp\/v2\/pages\/225\/revisions\/1069"}],"wp:attachment":[{"href":"https:\/\/sarahgellini.com\/index.php\/wp-json\/wp\/v2\/media?parent=225"}],"curies":[{"name":"wp","href":"https:\/\/api.w.org\/{rel}","templated":true}]}}